{"id":18066,"date":"2025-02-03T14:52:03","date_gmt":"2025-02-03T14:52:03","guid":{"rendered":"https:\/\/www.casaneo.io\/?page_id=18066"},"modified":"2025-12-05T14:04:18","modified_gmt":"2025-12-05T14:04:18","slug":"nos-mentions-legales","status":"publish","type":"page","link":"https:\/\/www.casaneo.io\/fr\/nos-mentions-legales\/","title":{"rendered":"Mentions L\u00e9gales"},"content":{"rendered":"\t\t<div data-elementor-type=\"wp-page\" data-elementor-id=\"18066\" class=\"elementor elementor-18066\" data-elementor-post-type=\"page\">\n\t\t\t\t\t\t<section class=\"elementor-section elementor-top-section elementor-element elementor-element-60292628 elementor-section-content-middle elementor-section-boxed elementor-section-height-default elementor-section-height-default\" data-id=\"60292628\" data-element_type=\"section\" data-e-type=\"section\" data-settings=\"{&quot;background_background&quot;:&quot;classic&quot;}\">\n\t\t\t\t\t\t<div class=\"elementor-container elementor-column-gap-default\">\n\t\t\t\t\t<div class=\"elementor-column elementor-col-50 elementor-top-column elementor-element elementor-element-5b9b0a40\" data-id=\"5b9b0a40\" data-element_type=\"column\" data-e-type=\"column\">\n\t\t\t<div class=\"elementor-widget-wrap elementor-element-populated\">\n\t\t\t\t\t\t<div class=\"elementor-element elementor-element-53dda5e1 elementor-widget elementor-widget-heading\" data-id=\"53dda5e1\" data-element_type=\"widget\" data-e-type=\"widget\" data-settings=\"{&quot;ekit_we_effect_on&quot;:&quot;none&quot;}\" data-widget_type=\"heading.default\">\n\t\t\t\t<div class=\"elementor-widget-container\">\n\t\t\t\t\t<h1 class=\"elementor-heading-title elementor-size-default\">Mentions L\u00e9gales<\/h1>\t\t\t\t<\/div>\n\t\t\t\t<\/div>\n\t\t\t\t\t<\/div>\n\t\t<\/div>\n\t\t\t\t<div class=\"elementor-column elementor-col-50 elementor-top-column elementor-element elementor-element-a171b4b\" data-id=\"a171b4b\" data-element_type=\"column\" data-e-type=\"column\">\n\t\t\t<div class=\"elementor-widget-wrap elementor-element-populated\">\n\t\t\t\t\t\t<div class=\"elementor-element elementor-element-74928849 elementor-widget elementor-widget-image\" data-id=\"74928849\" data-element_type=\"widget\" data-e-type=\"widget\" data-settings=\"{&quot;ekit_we_effect_on&quot;:&quot;none&quot;}\" data-widget_type=\"image.default\">\n\t\t\t\t<div class=\"elementor-widget-container\">\n\t\t\t\t\t\t\t\t\t\t\t\t\t\t\t<img fetchpriority=\"high\" decoding=\"async\" width=\"716\" height=\"689\" src=\"https:\/\/www.casaneo.io\/wp-content\/uploads\/2023\/08\/mention-legale-3.png\" class=\"attachment-large size-large wp-image-10924\" alt=\"mention legale 3\" srcset=\"https:\/\/www.casaneo.io\/wp-content\/uploads\/2023\/08\/mention-legale-3.png 716w, https:\/\/www.casaneo.io\/wp-content\/uploads\/2023\/08\/mention-legale-3-300x289.png 300w, https:\/\/www.casaneo.io\/wp-content\/uploads\/2023\/08\/mention-legale-3-347x334.png 347w\" sizes=\"(max-width: 716px) 100vw, 716px\" \/>\t\t\t\t\t\t\t\t\t\t\t\t\t\t\t<\/div>\n\t\t\t\t<\/div>\n\t\t\t\t\t<\/div>\n\t\t<\/div>\n\t\t\t\t\t<\/div>\n\t\t<\/section>\n\t\t\t\t<section class=\"elementor-section elementor-top-section elementor-element elementor-element-2ffad5ec elementor-section-content-middle elementor-section-boxed elementor-section-height-default elementor-section-height-default\" data-id=\"2ffad5ec\" data-element_type=\"section\" data-e-type=\"section\" data-settings=\"{&quot;background_background&quot;:&quot;classic&quot;}\">\n\t\t\t\t\t\t<div class=\"elementor-container elementor-column-gap-default\">\n\t\t\t\t\t<div class=\"elementor-column elementor-col-100 elementor-top-column elementor-element elementor-element-204b7de6\" data-id=\"204b7de6\" data-element_type=\"column\" data-e-type=\"column\" data-settings=\"{&quot;background_background&quot;:&quot;classic&quot;}\">\n\t\t\t<div class=\"elementor-widget-wrap elementor-element-populated\">\n\t\t\t\t\t\t<section class=\"elementor-section elementor-inner-section elementor-element elementor-element-43e20364 elementor-section-content-middle elementor-section-boxed elementor-section-height-default elementor-section-height-default\" data-id=\"43e20364\" data-element_type=\"section\" data-e-type=\"section\" data-settings=\"{&quot;background_background&quot;:&quot;classic&quot;}\">\n\t\t\t\t\t\t<div class=\"elementor-container elementor-column-gap-default\">\n\t\t\t\t\t<div class=\"elementor-column elementor-col-100 elementor-inner-column elementor-element elementor-element-46bb88f0\" data-id=\"46bb88f0\" data-element_type=\"column\" data-e-type=\"column\">\n\t\t\t<div class=\"elementor-widget-wrap elementor-element-populated\">\n\t\t\t\t\t\t<div class=\"elementor-element elementor-element-54b9708f elementor-widget elementor-widget-heading\" data-id=\"54b9708f\" data-element_type=\"widget\" data-e-type=\"widget\" data-settings=\"{&quot;ekit_we_effect_on&quot;:&quot;none&quot;}\" data-widget_type=\"heading.default\">\n\t\t\t\t<div class=\"elementor-widget-container\">\n\t\t\t\t\t<h2 class=\"elementor-heading-title elementor-size-default\">Information \u00e9diteur et entreprise, droit de reproduction et de protection des donn\u00e9es personnelles, gestion des cookies...<\/h2>\t\t\t\t<\/div>\n\t\t\t\t<\/div>\n\t\t\t\t\t<\/div>\n\t\t<\/div>\n\t\t\t\t\t<\/div>\n\t\t<\/section>\n\t\t\t\t\t<\/div>\n\t\t<\/div>\n\t\t\t\t\t<\/div>\n\t\t<\/section>\n\t\t<div class=\"elementor-element elementor-element-352fb1fb e-flex e-con-boxed e-con e-parent\" data-id=\"352fb1fb\" data-element_type=\"container\" data-e-type=\"container\" data-settings=\"{&quot;background_background&quot;:&quot;classic&quot;}\">\n\t\t\t\t\t<div class=\"e-con-inner\">\n\t\t\t\t<div class=\"elementor-element elementor-element-1862dc77 elementor-widget elementor-widget-heading\" data-id=\"1862dc77\" data-element_type=\"widget\" data-e-type=\"widget\" data-settings=\"{&quot;ekit_we_effect_on&quot;:&quot;none&quot;}\" data-widget_type=\"heading.default\">\n\t\t\t\t<div class=\"elementor-widget-container\">\n\t\t\t\t\t<h2 class=\"elementor-heading-title elementor-size-default\">1. \u00c9DITEUR DU SITE ET DE L'APPLICATION<\/h2>\t\t\t\t<\/div>\n\t\t\t\t<\/div>\n\t\t\t\t<div class=\"elementor-element elementor-element-1de36ecb elementor-widget elementor-widget-text-editor\" data-id=\"1de36ecb\" data-element_type=\"widget\" data-e-type=\"widget\" data-settings=\"{&quot;ekit_we_effect_on&quot;:&quot;none&quot;}\" data-widget_type=\"text-editor.default\">\n\t\t\t\t<div class=\"elementor-widget-container\">\n\t\t\t\t\t\t\t\t\t<p>Le pr\u00e9sent site internet www.casaneo.io ainsi que l&#8217;application accessible en mode SaaS (ci-apr\u00e8s ensemble le \u00ab <strong>Site\u00a0\u00bb <\/strong>et<strong> \u00ab\u00a0Application<\/strong> \u00bb) sont \u00e9dit\u00e9s par :<\/p><p><strong>ID-CLICK MEDIA <\/strong>(ci-apr\u00e8s \u00ab<strong> CASANEO <\/strong>\u00bb) Soci\u00e9t\u00e9 par Actions Simplifi\u00e9e (SAS) au capital de 1 000 \u20ac<\/p><p>Si\u00e8ge social : 20 Bis rue Louis Philippe, 92200 Neuilly-sur-Seine, France<\/p><p>Immatricul\u00e9e au RCS de Nanterre sous le num\u00e9ro 790 648 968 Num\u00e9ro SIRET : 790 648 968 00044 Num\u00e9ro de TVA intracommunautaire : FR96 790 648 968<\/p><p>Courriel : contact[at]casaneo.io<\/p><p>Tel : +33 1 75 43 55 20<\/p>\t\t\t\t\t\t\t\t<\/div>\n\t\t\t\t<\/div>\n\t\t\t\t<div class=\"elementor-element elementor-element-423ad204 elementor-widget elementor-widget-heading\" data-id=\"423ad204\" data-element_type=\"widget\" data-e-type=\"widget\" data-settings=\"{&quot;ekit_we_effect_on&quot;:&quot;none&quot;}\" data-widget_type=\"heading.default\">\n\t\t\t\t<div class=\"elementor-widget-container\">\n\t\t\t\t\t<h2 class=\"elementor-heading-title elementor-size-default\">2. DIRECTEUR DE LA PUBLICATION<\/h2>\t\t\t\t<\/div>\n\t\t\t\t<\/div>\n\t\t\t\t<div class=\"elementor-element elementor-element-25fc4de2 elementor-widget elementor-widget-text-editor\" data-id=\"25fc4de2\" data-element_type=\"widget\" data-e-type=\"widget\" data-settings=\"{&quot;ekit_we_effect_on&quot;:&quot;none&quot;}\" data-widget_type=\"text-editor.default\">\n\t\t\t\t<div class=\"elementor-widget-container\">\n\t\t\t\t\t\t\t\t\t<p>Le directeur de la publication du Site et de l\u2019Application est Paul Diowo.<\/p>\t\t\t\t\t\t\t\t<\/div>\n\t\t\t\t<\/div>\n\t\t\t\t<div class=\"elementor-element elementor-element-58be33bf elementor-widget elementor-widget-heading\" data-id=\"58be33bf\" data-element_type=\"widget\" data-e-type=\"widget\" data-settings=\"{&quot;ekit_we_effect_on&quot;:&quot;none&quot;}\" data-widget_type=\"heading.default\">\n\t\t\t\t<div class=\"elementor-widget-container\">\n\t\t\t\t\t<h2 class=\"elementor-heading-title elementor-size-default\">3. H\u00c9BERGEMENT<\/h2>\t\t\t\t<\/div>\n\t\t\t\t<\/div>\n\t\t\t\t<div class=\"elementor-element elementor-element-43b60911 elementor-widget elementor-widget-text-editor\" data-id=\"43b60911\" data-element_type=\"widget\" data-e-type=\"widget\" data-settings=\"{&quot;ekit_we_effect_on&quot;:&quot;none&quot;}\" data-widget_type=\"text-editor.default\">\n\t\t\t\t<div class=\"elementor-widget-container\">\n\t\t\t\t\t\t\t\t\t<p>Le Site et Application sont h\u00e9berg\u00e9s par la soci\u00e9t\u00e9 OVH SAS, filiale de la soci\u00e9t\u00e9 OVH Groupe SA, immatricul\u00e9e au RCS de Lille M\u00e9tropole sous le num\u00e9ro 537 407 926, dont le si\u00e8ge social est situ\u00e9 2, rue Kellermann, 59100 Roubaix, France (<a href=\"https:\/\/www.ovhcloud.com\">www.ovhcloud.com<\/a>).<\/p>\t\t\t\t\t\t\t\t<\/div>\n\t\t\t\t<\/div>\n\t\t\t\t<div class=\"elementor-element elementor-element-61c8a805 elementor-widget elementor-widget-heading\" data-id=\"61c8a805\" data-element_type=\"widget\" data-e-type=\"widget\" data-settings=\"{&quot;ekit_we_effect_on&quot;:&quot;none&quot;}\" data-widget_type=\"heading.default\">\n\t\t\t\t<div class=\"elementor-widget-container\">\n\t\t\t\t\t<h2 class=\"elementor-heading-title elementor-size-default\">4. PROPRI\u00c9T\u00c9 INTELLECTUELLE\n\u2028<\/h2>\t\t\t\t<\/div>\n\t\t\t\t<\/div>\n\t\t\t\t<div class=\"elementor-element elementor-element-1f45ede6 elementor-widget elementor-widget-text-editor\" data-id=\"1f45ede6\" data-element_type=\"widget\" data-e-type=\"widget\" data-settings=\"{&quot;ekit_we_effect_on&quot;:&quot;none&quot;}\" data-widget_type=\"text-editor.default\">\n\t\t\t\t<div class=\"elementor-widget-container\">\n\t\t\t\t\t\t\t\t\t<p>L\u2019ensemble des \u00e9l\u00e9ments visuels, repr\u00e9sentations, illustrations, photographies, textes, marques, logos, bases de donn\u00e9es, logiciels ou tout autre contenu figurant sur le Site et l\u2019Application sont la propri\u00e9t\u00e9 exclusive de CASANEO ou sont utilis\u00e9s avec l\u2019autorisation de leurs titulaires de droits respectifs. Ces contenus sont prot\u00e9g\u00e9s par les l\u00e9gislations en vigueur relatives \u00e0 la propri\u00e9t\u00e9 intellectuelle. Ils sont mis \u00e0 la disposition des utilisateurs pour une consultation et une utilisation strictement personnelle, \u00e0 des fins non commerciales, dans le cadre de la navigation sur le Site et l\u2019Application. Toute reproduction, repr\u00e9sentation, modification, distribution, transmission ou exploitation, totale ou partielle, de ces contenus, sans autorisation \u00e9crite pr\u00e9alable de CASANEO ou des titulaires de droits concern\u00e9s, est strictement interdite. Toute utilisation non autoris\u00e9e des contenus du Site et de l\u2019Application est susceptible de constituer une atteinte aux droits de propri\u00e9t\u00e9 intellectuelle, notamment aux droits d\u2019auteur ou aux marques, et peut engager la responsabilit\u00e9 de son auteur. Il est notamment interdit d\u2019utiliser, sans autorisation pr\u00e9alable et \u00e9crite, les marques, logos ou tout autre signe distinctif apparaissant sur le Site et l\u2019Application.<\/p>\t\t\t\t\t\t\t\t<\/div>\n\t\t\t\t<\/div>\n\t\t\t\t<div class=\"elementor-element elementor-element-74dd9c84 elementor-widget elementor-widget-heading\" data-id=\"74dd9c84\" data-element_type=\"widget\" data-e-type=\"widget\" data-settings=\"{&quot;ekit_we_effect_on&quot;:&quot;none&quot;}\" data-widget_type=\"heading.default\">\n\t\t\t\t<div class=\"elementor-widget-container\">\n\t\t\t\t\t<h2 class=\"elementor-heading-title elementor-size-default\">5. LIENS HYPERTEXTES<\/h2>\t\t\t\t<\/div>\n\t\t\t\t<\/div>\n\t\t\t\t<div class=\"elementor-element elementor-element-6e16a140 elementor-widget elementor-widget-text-editor\" data-id=\"6e16a140\" data-element_type=\"widget\" data-e-type=\"widget\" data-settings=\"{&quot;ekit_we_effect_on&quot;:&quot;none&quot;}\" data-widget_type=\"text-editor.default\">\n\t\t\t\t<div class=\"elementor-widget-container\">\n\t\t\t\t\t\t\t\t\t<p>Les liens accessibles sur le Site et l\u2019Application peuvent renvoyer vers des sites ou services tiers qui ne sont pas \u00e9dit\u00e9s par CASANEO. En cliquant sur l\u2019un de ces liens, l\u2019utilisateur quitte le Site et l\u2019Application et reconna\u00eet que l\u2019utilisation des sites ou services tiers concern\u00e9s est r\u00e9gie par leurs propres conditions d\u2019utilisation et politiques de confidentialit\u00e9. CASANEO n\u2019exerce aucun contr\u00f4le sur le contenu, les pratiques ou les conditions applicables \u00e0 ces sites tiers et ne saurait, en cons\u00e9quence, \u00eatre tenue responsable de leur disponibilit\u00e9, de leur fonctionnement ou des traitements de donn\u00e9es qui y sont effectu\u00e9s.<\/p>\t\t\t\t\t\t\t\t<\/div>\n\t\t\t\t<\/div>\n\t\t\t\t<div class=\"elementor-element elementor-element-226737e7 elementor-widget elementor-widget-heading\" data-id=\"226737e7\" data-element_type=\"widget\" data-e-type=\"widget\" data-settings=\"{&quot;ekit_we_effect_on&quot;:&quot;none&quot;}\" data-widget_type=\"heading.default\">\n\t\t\t\t<div class=\"elementor-widget-container\">\n\t\t\t\t\t<h2 class=\"elementor-heading-title elementor-size-default\">6. LOI APPLICABLE\n\u2028<\/h2>\t\t\t\t<\/div>\n\t\t\t\t<\/div>\n\t\t\t\t<div class=\"elementor-element elementor-element-12c8bceb elementor-widget elementor-widget-text-editor\" data-id=\"12c8bceb\" data-element_type=\"widget\" data-e-type=\"widget\" data-settings=\"{&quot;ekit_we_effect_on&quot;:&quot;none&quot;}\" data-widget_type=\"text-editor.default\">\n\t\t\t\t<div class=\"elementor-widget-container\">\n\t\t\t\t\t\t\t\t\t<p>Les pr\u00e9sentes mentions l\u00e9gales sont r\u00e9gies par le droit fran\u00e7ais. Vous acceptez de vous soumettre \u00e0 la comp\u00e9tence exclusive des tribunaux fran\u00e7ais sous r\u00e9serve du droit applicable.<\/p><p>\u00a0<\/p>\t\t\t\t\t\t\t\t<\/div>\n\t\t\t\t<\/div>\n\t\t\t\t\t<\/div>\n\t\t\t\t<\/div>\n\t\t\t\t<\/div>\n\t\t","protected":false},"excerpt":{"rendered":"<p>Mentions L\u00e9gales Information \u00e9diteur et entreprise, droit de reproduction et de protection des donn\u00e9es personnelles, gestion des cookies&#8230; 1. \u00c9DITEUR DU SITE ET DE L&#8217;APPLICATION Le pr\u00e9sent site internet www.casaneo.io ainsi que l&#8217;application accessible en mode SaaS (ci-apr\u00e8s ensemble le \u00ab Site\u00a0\u00bb et \u00ab\u00a0Application \u00bb) sont \u00e9dit\u00e9s par : ID-CLICK MEDIA (ci-apr\u00e8s \u00ab CASANEO \u00bb) [&hellip;]<\/p>\n","protected":false},"author":1004,"featured_media":0,"parent":0,"menu_order":0,"comment_status":"closed","ping_status":"closed","template":"","meta":{"_acf_changed":false,"inline_featured_image":false,"footnotes":""},"class_list":["post-18066","page","type-page","status-publish","hentry"],"acf":[],"yoast_head":"<!-- This site is optimized with the Yoast SEO plugin v24.2 - https:\/\/yoast.com\/wordpress\/plugins\/seo\/ -->\n<title>Mentions L\u00e9gales - Casaneo<\/title>\n<meta name=\"description\" content=\"D\u00e9couvrez ici les mentions l\u00e9gales du site Casaneo. Pour en savoir plus sur notre plateforme, n&#039;h\u00e9sitez pas \u00e0 nous \u00e9crire.\" \/>\n<meta name=\"robots\" content=\"noindex, follow\" \/>\n<meta property=\"og:locale\" content=\"fr_FR\" \/>\n<meta property=\"og:type\" content=\"article\" \/>\n<meta property=\"og:title\" content=\"Mentions L\u00e9gales - Casaneo\" \/>\n<meta property=\"og:description\" content=\"D\u00e9couvrez ici les mentions l\u00e9gales du site Casaneo. Pour en savoir plus sur notre plateforme, n&#039;h\u00e9sitez pas \u00e0 nous \u00e9crire.\" \/>\n<meta property=\"og:url\" content=\"https:\/\/www.casaneo.io\/fr\/nos-mentions-legales\/\" \/>\n<meta property=\"og:site_name\" content=\"Casaneo\" \/>\n<meta property=\"article:modified_time\" content=\"2025-12-05T14:04:18+00:00\" \/>\n<meta property=\"og:image\" content=\"https:\/\/www.casaneo.io\/wp-content\/uploads\/2023\/08\/mention-legale-3.png\" \/>\n\t<meta property=\"og:image:width\" content=\"716\" \/>\n\t<meta property=\"og:image:height\" content=\"689\" \/>\n\t<meta property=\"og:image:type\" content=\"image\/png\" \/>\n<meta name=\"twitter:card\" content=\"summary_large_image\" \/>\n<meta name=\"twitter:label1\" content=\"Dur\u00e9e de lecture estim\u00e9e\" \/>\n\t<meta name=\"twitter:data1\" content=\"3 minutes\" \/>\n<script type=\"application\/ld+json\" class=\"yoast-schema-graph\">{\"@context\":\"https:\/\/schema.org\",\"@graph\":[{\"@type\":\"WebPage\",\"@id\":\"https:\/\/www.casaneo.io\/fr\/nos-mentions-legales\/\",\"url\":\"https:\/\/www.casaneo.io\/fr\/nos-mentions-legales\/\",\"name\":\"Mentions L\u00e9gales - Casaneo\",\"isPartOf\":{\"@id\":\"https:\/\/www.casaneo.io\/fr\/#website\"},\"primaryImageOfPage\":{\"@id\":\"https:\/\/www.casaneo.io\/fr\/nos-mentions-legales\/#primaryimage\"},\"image\":{\"@id\":\"https:\/\/www.casaneo.io\/fr\/nos-mentions-legales\/#primaryimage\"},\"thumbnailUrl\":\"https:\/\/www.casaneo.io\/wp-content\/uploads\/2023\/08\/mention-legale-3.png\",\"datePublished\":\"2025-02-03T14:52:03+00:00\",\"dateModified\":\"2025-12-05T14:04:18+00:00\",\"description\":\"D\u00e9couvrez ici les mentions l\u00e9gales du site Casaneo. Pour en savoir plus sur notre plateforme, n'h\u00e9sitez pas \u00e0 nous \u00e9crire.\",\"breadcrumb\":{\"@id\":\"https:\/\/www.casaneo.io\/fr\/nos-mentions-legales\/#breadcrumb\"},\"inLanguage\":\"fr-FR\",\"potentialAction\":[{\"@type\":\"ReadAction\",\"target\":[\"https:\/\/www.casaneo.io\/fr\/nos-mentions-legales\/\"]}]},{\"@type\":\"ImageObject\",\"inLanguage\":\"fr-FR\",\"@id\":\"https:\/\/www.casaneo.io\/fr\/nos-mentions-legales\/#primaryimage\",\"url\":\"https:\/\/www.casaneo.io\/wp-content\/uploads\/2023\/08\/mention-legale-3.png\",\"contentUrl\":\"https:\/\/www.casaneo.io\/wp-content\/uploads\/2023\/08\/mention-legale-3.png\"},{\"@type\":\"BreadcrumbList\",\"@id\":\"https:\/\/www.casaneo.io\/fr\/nos-mentions-legales\/#breadcrumb\",\"itemListElement\":[{\"@type\":\"ListItem\",\"position\":1,\"name\":\"Accueil\",\"item\":\"https:\/\/www.casaneo.io\/fr\/\"},{\"@type\":\"ListItem\",\"position\":2,\"name\":\"Mentions L\u00e9gales\"}]},{\"@type\":\"WebSite\",\"@id\":\"https:\/\/www.casaneo.io\/fr\/#website\",\"url\":\"https:\/\/www.casaneo.io\/fr\/\",\"name\":\"Casaneo\",\"description\":\"Plateforme d&#039;affiliation des univers Maison et Mode\",\"publisher\":{\"@id\":\"https:\/\/www.casaneo.io\/fr\/#organization\"},\"potentialAction\":[{\"@type\":\"SearchAction\",\"target\":{\"@type\":\"EntryPoint\",\"urlTemplate\":\"https:\/\/www.casaneo.io\/fr\/?s={search_term_string}\"},\"query-input\":{\"@type\":\"PropertyValueSpecification\",\"valueRequired\":true,\"valueName\":\"search_term_string\"}}],\"inLanguage\":\"fr-FR\"},{\"@type\":\"Organization\",\"@id\":\"https:\/\/www.casaneo.io\/fr\/#organization\",\"name\":\"Casaneo\",\"url\":\"https:\/\/www.casaneo.io\/fr\/\",\"logo\":{\"@type\":\"ImageObject\",\"inLanguage\":\"fr-FR\",\"@id\":\"https:\/\/www.casaneo.io\/fr\/#\/schema\/logo\/image\/\",\"url\":\"https:\/\/www.casaneo.io\/wp-content\/uploads\/2023\/11\/Logo-Casaneo-1.svg\",\"contentUrl\":\"https:\/\/www.casaneo.io\/wp-content\/uploads\/2023\/11\/Logo-Casaneo-1.svg\",\"width\":203,\"height\":45,\"caption\":\"Casaneo\"},\"image\":{\"@id\":\"https:\/\/www.casaneo.io\/fr\/#\/schema\/logo\/image\/\"}}]}<\/script>\n<!-- \/ Yoast SEO plugin. -->","yoast_head_json":{"title":"Mentions L\u00e9gales - Casaneo","description":"D\u00e9couvrez ici les mentions l\u00e9gales du site Casaneo. Pour en savoir plus sur notre plateforme, n'h\u00e9sitez pas \u00e0 nous \u00e9crire.","robots":{"index":"noindex","follow":"follow"},"og_locale":"fr_FR","og_type":"article","og_title":"Mentions L\u00e9gales - Casaneo","og_description":"D\u00e9couvrez ici les mentions l\u00e9gales du site Casaneo. Pour en savoir plus sur notre plateforme, n'h\u00e9sitez pas \u00e0 nous \u00e9crire.","og_url":"https:\/\/www.casaneo.io\/fr\/nos-mentions-legales\/","og_site_name":"Casaneo","article_modified_time":"2025-12-05T14:04:18+00:00","og_image":[{"width":716,"height":689,"url":"https:\/\/www.casaneo.io\/wp-content\/uploads\/2023\/08\/mention-legale-3.png","type":"image\/png"}],"twitter_card":"summary_large_image","twitter_misc":{"Dur\u00e9e de lecture estim\u00e9e":"3 minutes"},"schema":{"@context":"https:\/\/schema.org","@graph":[{"@type":"WebPage","@id":"https:\/\/www.casaneo.io\/fr\/nos-mentions-legales\/","url":"https:\/\/www.casaneo.io\/fr\/nos-mentions-legales\/","name":"Mentions L\u00e9gales - Casaneo","isPartOf":{"@id":"https:\/\/www.casaneo.io\/fr\/#website"},"primaryImageOfPage":{"@id":"https:\/\/www.casaneo.io\/fr\/nos-mentions-legales\/#primaryimage"},"image":{"@id":"https:\/\/www.casaneo.io\/fr\/nos-mentions-legales\/#primaryimage"},"thumbnailUrl":"https:\/\/www.casaneo.io\/wp-content\/uploads\/2023\/08\/mention-legale-3.png","datePublished":"2025-02-03T14:52:03+00:00","dateModified":"2025-12-05T14:04:18+00:00","description":"D\u00e9couvrez ici les mentions l\u00e9gales du site Casaneo. Pour en savoir plus sur notre plateforme, n'h\u00e9sitez pas \u00e0 nous \u00e9crire.","breadcrumb":{"@id":"https:\/\/www.casaneo.io\/fr\/nos-mentions-legales\/#breadcrumb"},"inLanguage":"fr-FR","potentialAction":[{"@type":"ReadAction","target":["https:\/\/www.casaneo.io\/fr\/nos-mentions-legales\/"]}]},{"@type":"ImageObject","inLanguage":"fr-FR","@id":"https:\/\/www.casaneo.io\/fr\/nos-mentions-legales\/#primaryimage","url":"https:\/\/www.casaneo.io\/wp-content\/uploads\/2023\/08\/mention-legale-3.png","contentUrl":"https:\/\/www.casaneo.io\/wp-content\/uploads\/2023\/08\/mention-legale-3.png"},{"@type":"BreadcrumbList","@id":"https:\/\/www.casaneo.io\/fr\/nos-mentions-legales\/#breadcrumb","itemListElement":[{"@type":"ListItem","position":1,"name":"Accueil","item":"https:\/\/www.casaneo.io\/fr\/"},{"@type":"ListItem","position":2,"name":"Mentions L\u00e9gales"}]},{"@type":"WebSite","@id":"https:\/\/www.casaneo.io\/fr\/#website","url":"https:\/\/www.casaneo.io\/fr\/","name":"Casaneo","description":"Plateforme d&#039;affiliation des univers Maison et Mode","publisher":{"@id":"https:\/\/www.casaneo.io\/fr\/#organization"},"potentialAction":[{"@type":"SearchAction","target":{"@type":"EntryPoint","urlTemplate":"https:\/\/www.casaneo.io\/fr\/?s={search_term_string}"},"query-input":{"@type":"PropertyValueSpecification","valueRequired":true,"valueName":"search_term_string"}}],"inLanguage":"fr-FR"},{"@type":"Organization","@id":"https:\/\/www.casaneo.io\/fr\/#organization","name":"Casaneo","url":"https:\/\/www.casaneo.io\/fr\/","logo":{"@type":"ImageObject","inLanguage":"fr-FR","@id":"https:\/\/www.casaneo.io\/fr\/#\/schema\/logo\/image\/","url":"https:\/\/www.casaneo.io\/wp-content\/uploads\/2023\/11\/Logo-Casaneo-1.svg","contentUrl":"https:\/\/www.casaneo.io\/wp-content\/uploads\/2023\/11\/Logo-Casaneo-1.svg","width":203,"height":45,"caption":"Casaneo"},"image":{"@id":"https:\/\/www.casaneo.io\/fr\/#\/schema\/logo\/image\/"}}]}},"_links":{"self":[{"href":"https:\/\/www.casaneo.io\/fr\/wp-json\/wp\/v2\/pages\/18066"}],"collection":[{"href":"https:\/\/www.casaneo.io\/fr\/wp-json\/wp\/v2\/pages"}],"about":[{"href":"https:\/\/www.casaneo.io\/fr\/wp-json\/wp\/v2\/types\/page"}],"author":[{"embeddable":true,"href":"https:\/\/www.casaneo.io\/fr\/wp-json\/wp\/v2\/users\/1004"}],"replies":[{"embeddable":true,"href":"https:\/\/www.casaneo.io\/fr\/wp-json\/wp\/v2\/comments?post=18066"}],"version-history":[{"count":8,"href":"https:\/\/www.casaneo.io\/fr\/wp-json\/wp\/v2\/pages\/18066\/revisions"}],"predecessor-version":[{"id":22277,"href":"https:\/\/www.casaneo.io\/fr\/wp-json\/wp\/v2\/pages\/18066\/revisions\/22277"}],"wp:attachment":[{"href":"https:\/\/www.casaneo.io\/fr\/wp-json\/wp\/v2\/media?parent=18066"}],"curies":[{"name":"wp","href":"https:\/\/api.w.org\/{rel}","templated":true}]}}