{"id":7219,"date":"2021-12-28T05:21:03","date_gmt":"2021-12-28T05:21:03","guid":{"rendered":"https:\/\/www.casaneo.io\/?page_id=7219"},"modified":"2024-02-26T09:10:52","modified_gmt":"2024-02-26T09:10:52","slug":"remerciement-inscription-editeurs","status":"publish","type":"page","link":"https:\/\/www.casaneo.io\/fr\/remerciement-inscription-editeurs\/","title":{"rendered":"Remerciement Inscription \u00e9diteurs"},"content":{"rendered":"\t\t<div data-elementor-type=\"wp-page\" data-elementor-id=\"7219\" class=\"elementor elementor-7219\" data-elementor-post-type=\"page\">\n\t\t\t\t<div class=\"elementor-element elementor-element-8a4fd5c e-flex e-con-boxed e-con e-parent\" data-id=\"8a4fd5c\" data-element_type=\"container\" data-e-type=\"container\" data-settings=\"{&quot;background_background&quot;:&quot;classic&quot;}\">\n\t\t\t\t\t<div class=\"e-con-inner\">\n\t\t<div class=\"elementor-element elementor-element-65b030b animated-slow e-con-full e-flex elementor-invisible e-con e-child\" data-id=\"65b030b\" data-element_type=\"container\" data-e-type=\"container\" data-settings=\"{&quot;animation&quot;:&quot;fadeIn&quot;}\">\n\t\t\t\t<div class=\"elementor-element elementor-element-9f9579b animated-slow elementor-invisible elementor-widget elementor-widget-heading\" data-id=\"9f9579b\" data-element_type=\"widget\" data-e-type=\"widget\" data-settings=\"{&quot;_animation&quot;:&quot;fadeIn&quot;,&quot;_animation_delay&quot;:400,&quot;ekit_we_effect_on&quot;:&quot;none&quot;}\" data-widget_type=\"heading.default\">\n\t\t\t\t<div class=\"elementor-widget-container\">\n\t\t\t\t\t<p class=\"elementor-heading-title elementor-size-default\">Votre inscription a bien \u00e9t\u00e9 prise en compte. Notre \u00e9quipe se chargera de la validation de votre compte.\n\n<\/p>\t\t\t\t<\/div>\n\t\t\t\t<\/div>\n\t\t\t\t<div class=\"elementor-element elementor-element-f41916e animated-slow elementor-hidden-desktop elementor-hidden-tablet elementor-hidden-mobile elementor-invisible elementor-widget elementor-widget-heading\" data-id=\"f41916e\" data-element_type=\"widget\" data-e-type=\"widget\" data-settings=\"{&quot;_animation&quot;:&quot;fadeIn&quot;,&quot;_animation_delay&quot;:400,&quot;ekit_we_effect_on&quot;:&quot;none&quot;}\" data-widget_type=\"heading.default\">\n\t\t\t\t<div class=\"elementor-widget-container\">\n\t\t\t\t\t<p class=\"elementor-heading-title elementor-size-default\">Afin d'\u00e9changer sur vos besoins, nous vous invitons \u00e0 prendre directement\u00a0rendez-vous dans notre agenda\u00a0avec notre \u00e9quipe commerciale.\n<br>--<br>\nCordialement,<br>\nL'\u00e9quipe Casaneo<\/p>\t\t\t\t<\/div>\n\t\t\t\t<\/div>\n\t\t\t\t<\/div>\n\t\t<div class=\"elementor-element elementor-element-702c6c5 animated-slow e-con-full e-flex elementor-invisible e-con e-child\" data-id=\"702c6c5\" data-element_type=\"container\" data-e-type=\"container\" data-settings=\"{&quot;animation&quot;:&quot;fadeIn&quot;}\">\n\t\t\t\t<div class=\"elementor-element elementor-element-e49ad1b elementor-widget elementor-widget-image\" data-id=\"e49ad1b\" data-element_type=\"widget\" data-e-type=\"widget\" data-settings=\"{&quot;ekit_we_effect_on&quot;:&quot;none&quot;}\" data-widget_type=\"image.default\">\n\t\t\t\t<div class=\"elementor-widget-container\">\n\t\t\t\t\t\t\t\t\t\t\t\t\t\t\t<img fetchpriority=\"high\" decoding=\"async\" width=\"800\" height=\"1000\" src=\"https:\/\/www.casaneo.io\/wp-content\/uploads\/2023\/12\/Visuel-Merci.jpg\" class=\"attachment-large size-large wp-image-12801\" alt=\"\" srcset=\"https:\/\/www.casaneo.io\/wp-content\/uploads\/2023\/12\/Visuel-Merci.jpg 800w, https:\/\/www.casaneo.io\/wp-content\/uploads\/2023\/12\/Visuel-Merci-240x300.jpg 240w, https:\/\/www.casaneo.io\/wp-content\/uploads\/2023\/12\/Visuel-Merci-768x960.jpg 768w\" sizes=\"(max-width: 800px) 100vw, 800px\" \/>\t\t\t\t\t\t\t\t\t\t\t\t\t\t\t<\/div>\n\t\t\t\t<\/div>\n\t\t\t\t<\/div>\n\t\t\t\t\t<\/div>\n\t\t\t\t<\/div>\n\t\t\t\t<\/div>\n\t\t","protected":false},"excerpt":{"rendered":"<p>Votre inscription a bien \u00e9t\u00e9 prise en compte. Notre \u00e9quipe se chargera de la validation de votre compte. Afin d&#8217;\u00e9changer sur vos besoins, nous vous invitons \u00e0 prendre directement\u00a0rendez-vous dans notre agenda\u00a0avec notre \u00e9quipe commerciale. &#8212; Cordialement, L&#8217;\u00e9quipe Casaneo<\/p>\n","protected":false},"author":14,"featured_media":0,"parent":0,"menu_order":0,"comment_status":"closed","ping_status":"closed","template":"","meta":{"_acf_changed":false,"inline_featured_image":false,"footnotes":""},"class_list":["post-7219","page","type-page","status-publish","hentry"],"acf":[],"yoast_head":"<!-- This site is optimized with the Yoast SEO plugin v24.2 - https:\/\/yoast.com\/wordpress\/plugins\/seo\/ -->\n<title>Remerciement Inscription \u00e9diteurs - Casaneo<\/title>\n<meta name=\"robots\" content=\"noindex, nofollow\" \/>\n<meta property=\"og:locale\" content=\"fr_FR\" \/>\n<meta property=\"og:type\" content=\"article\" \/>\n<meta property=\"og:title\" content=\"Remerciement Inscription \u00e9diteurs - Casaneo\" \/>\n<meta property=\"og:description\" content=\"Votre inscription a bien \u00e9t\u00e9 prise en compte. Notre \u00e9quipe se chargera de la validation de votre compte. Afin d&#8217;\u00e9changer sur vos besoins, nous vous invitons \u00e0 prendre directement\u00a0rendez-vous dans notre agenda\u00a0avec notre \u00e9quipe commerciale. &#8212; Cordialement, L&#8217;\u00e9quipe Casaneo\" \/>\n<meta property=\"og:url\" content=\"https:\/\/www.casaneo.io\/fr\/remerciement-inscription-editeurs\/\" \/>\n<meta property=\"og:site_name\" content=\"Casaneo\" \/>\n<meta property=\"article:modified_time\" content=\"2024-02-26T09:10:52+00:00\" \/>\n<meta property=\"og:image\" content=\"https:\/\/www.casaneo.io\/wp-content\/uploads\/2023\/12\/Visuel-Merci.jpg\" \/>\n<meta name=\"twitter:card\" content=\"summary_large_image\" \/>\n<meta name=\"twitter:label1\" content=\"Dur\u00e9e de lecture estim\u00e9e\" \/>\n\t<meta name=\"twitter:data1\" content=\"1 minute\" \/>\n<script type=\"application\/ld+json\" class=\"yoast-schema-graph\">{\"@context\":\"https:\/\/schema.org\",\"@graph\":[{\"@type\":\"WebPage\",\"@id\":\"https:\/\/www.casaneo.io\/fr\/remerciement-inscription-editeurs\/\",\"url\":\"https:\/\/www.casaneo.io\/fr\/remerciement-inscription-editeurs\/\",\"name\":\"Remerciement Inscription \u00e9diteurs - Casaneo\",\"isPartOf\":{\"@id\":\"https:\/\/www.casaneo.io\/fr\/#website\"},\"primaryImageOfPage\":{\"@id\":\"https:\/\/www.casaneo.io\/fr\/remerciement-inscription-editeurs\/#primaryimage\"},\"image\":{\"@id\":\"https:\/\/www.casaneo.io\/fr\/remerciement-inscription-editeurs\/#primaryimage\"},\"thumbnailUrl\":\"https:\/\/www.casaneo.io\/wp-content\/uploads\/2023\/12\/Visuel-Merci.jpg\",\"datePublished\":\"2021-12-28T05:21:03+00:00\",\"dateModified\":\"2024-02-26T09:10:52+00:00\",\"breadcrumb\":{\"@id\":\"https:\/\/www.casaneo.io\/fr\/remerciement-inscription-editeurs\/#breadcrumb\"},\"inLanguage\":\"fr-FR\",\"potentialAction\":[{\"@type\":\"ReadAction\",\"target\":[\"https:\/\/www.casaneo.io\/fr\/remerciement-inscription-editeurs\/\"]}]},{\"@type\":\"ImageObject\",\"inLanguage\":\"fr-FR\",\"@id\":\"https:\/\/www.casaneo.io\/fr\/remerciement-inscription-editeurs\/#primaryimage\",\"url\":\"https:\/\/www.casaneo.io\/wp-content\/uploads\/2023\/12\/Visuel-Merci.jpg\",\"contentUrl\":\"https:\/\/www.casaneo.io\/wp-content\/uploads\/2023\/12\/Visuel-Merci.jpg\"},{\"@type\":\"BreadcrumbList\",\"@id\":\"https:\/\/www.casaneo.io\/fr\/remerciement-inscription-editeurs\/#breadcrumb\",\"itemListElement\":[{\"@type\":\"ListItem\",\"position\":1,\"name\":\"Accueil\",\"item\":\"https:\/\/www.casaneo.io\/fr\/\"},{\"@type\":\"ListItem\",\"position\":2,\"name\":\"Remerciement Inscription \u00e9diteurs\"}]},{\"@type\":\"WebSite\",\"@id\":\"https:\/\/www.casaneo.io\/fr\/#website\",\"url\":\"https:\/\/www.casaneo.io\/fr\/\",\"name\":\"Casaneo\",\"description\":\"Plateforme d&#039;affiliation des univers Maison et Mode\",\"publisher\":{\"@id\":\"https:\/\/www.casaneo.io\/fr\/#organization\"},\"potentialAction\":[{\"@type\":\"SearchAction\",\"target\":{\"@type\":\"EntryPoint\",\"urlTemplate\":\"https:\/\/www.casaneo.io\/fr\/?s={search_term_string}\"},\"query-input\":{\"@type\":\"PropertyValueSpecification\",\"valueRequired\":true,\"valueName\":\"search_term_string\"}}],\"inLanguage\":\"fr-FR\"},{\"@type\":\"Organization\",\"@id\":\"https:\/\/www.casaneo.io\/fr\/#organization\",\"name\":\"Casaneo\",\"url\":\"https:\/\/www.casaneo.io\/fr\/\",\"logo\":{\"@type\":\"ImageObject\",\"inLanguage\":\"fr-FR\",\"@id\":\"https:\/\/www.casaneo.io\/fr\/#\/schema\/logo\/image\/\",\"url\":\"https:\/\/www.casaneo.io\/wp-content\/uploads\/2023\/11\/Logo-Casaneo-1.svg\",\"contentUrl\":\"https:\/\/www.casaneo.io\/wp-content\/uploads\/2023\/11\/Logo-Casaneo-1.svg\",\"width\":203,\"height\":45,\"caption\":\"Casaneo\"},\"image\":{\"@id\":\"https:\/\/www.casaneo.io\/fr\/#\/schema\/logo\/image\/\"}}]}<\/script>\n<!-- \/ Yoast SEO plugin. -->","yoast_head_json":{"title":"Remerciement Inscription \u00e9diteurs - Casaneo","robots":{"index":"noindex","follow":"nofollow"},"og_locale":"fr_FR","og_type":"article","og_title":"Remerciement Inscription \u00e9diteurs - Casaneo","og_description":"Votre inscription a bien \u00e9t\u00e9 prise en compte. Notre \u00e9quipe se chargera de la validation de votre compte. Afin d&#8217;\u00e9changer sur vos besoins, nous vous invitons \u00e0 prendre directement\u00a0rendez-vous dans notre agenda\u00a0avec notre \u00e9quipe commerciale. &#8212; Cordialement, L&#8217;\u00e9quipe Casaneo","og_url":"https:\/\/www.casaneo.io\/fr\/remerciement-inscription-editeurs\/","og_site_name":"Casaneo","article_modified_time":"2024-02-26T09:10:52+00:00","og_image":[{"url":"https:\/\/www.casaneo.io\/wp-content\/uploads\/2023\/12\/Visuel-Merci.jpg","type":"","width":"","height":""}],"twitter_card":"summary_large_image","twitter_misc":{"Dur\u00e9e de lecture estim\u00e9e":"1 minute"},"schema":{"@context":"https:\/\/schema.org","@graph":[{"@type":"WebPage","@id":"https:\/\/www.casaneo.io\/fr\/remerciement-inscription-editeurs\/","url":"https:\/\/www.casaneo.io\/fr\/remerciement-inscription-editeurs\/","name":"Remerciement Inscription \u00e9diteurs - Casaneo","isPartOf":{"@id":"https:\/\/www.casaneo.io\/fr\/#website"},"primaryImageOfPage":{"@id":"https:\/\/www.casaneo.io\/fr\/remerciement-inscription-editeurs\/#primaryimage"},"image":{"@id":"https:\/\/www.casaneo.io\/fr\/remerciement-inscription-editeurs\/#primaryimage"},"thumbnailUrl":"https:\/\/www.casaneo.io\/wp-content\/uploads\/2023\/12\/Visuel-Merci.jpg","datePublished":"2021-12-28T05:21:03+00:00","dateModified":"2024-02-26T09:10:52+00:00","breadcrumb":{"@id":"https:\/\/www.casaneo.io\/fr\/remerciement-inscription-editeurs\/#breadcrumb"},"inLanguage":"fr-FR","potentialAction":[{"@type":"ReadAction","target":["https:\/\/www.casaneo.io\/fr\/remerciement-inscription-editeurs\/"]}]},{"@type":"ImageObject","inLanguage":"fr-FR","@id":"https:\/\/www.casaneo.io\/fr\/remerciement-inscription-editeurs\/#primaryimage","url":"https:\/\/www.casaneo.io\/wp-content\/uploads\/2023\/12\/Visuel-Merci.jpg","contentUrl":"https:\/\/www.casaneo.io\/wp-content\/uploads\/2023\/12\/Visuel-Merci.jpg"},{"@type":"BreadcrumbList","@id":"https:\/\/www.casaneo.io\/fr\/remerciement-inscription-editeurs\/#breadcrumb","itemListElement":[{"@type":"ListItem","position":1,"name":"Accueil","item":"https:\/\/www.casaneo.io\/fr\/"},{"@type":"ListItem","position":2,"name":"Remerciement Inscription \u00e9diteurs"}]},{"@type":"WebSite","@id":"https:\/\/www.casaneo.io\/fr\/#website","url":"https:\/\/www.casaneo.io\/fr\/","name":"Casaneo","description":"Plateforme d&#039;affiliation des univers Maison et Mode","publisher":{"@id":"https:\/\/www.casaneo.io\/fr\/#organization"},"potentialAction":[{"@type":"SearchAction","target":{"@type":"EntryPoint","urlTemplate":"https:\/\/www.casaneo.io\/fr\/?s={search_term_string}"},"query-input":{"@type":"PropertyValueSpecification","valueRequired":true,"valueName":"search_term_string"}}],"inLanguage":"fr-FR"},{"@type":"Organization","@id":"https:\/\/www.casaneo.io\/fr\/#organization","name":"Casaneo","url":"https:\/\/www.casaneo.io\/fr\/","logo":{"@type":"ImageObject","inLanguage":"fr-FR","@id":"https:\/\/www.casaneo.io\/fr\/#\/schema\/logo\/image\/","url":"https:\/\/www.casaneo.io\/wp-content\/uploads\/2023\/11\/Logo-Casaneo-1.svg","contentUrl":"https:\/\/www.casaneo.io\/wp-content\/uploads\/2023\/11\/Logo-Casaneo-1.svg","width":203,"height":45,"caption":"Casaneo"},"image":{"@id":"https:\/\/www.casaneo.io\/fr\/#\/schema\/logo\/image\/"}}]}},"_links":{"self":[{"href":"https:\/\/www.casaneo.io\/fr\/wp-json\/wp\/v2\/pages\/7219"}],"collection":[{"href":"https:\/\/www.casaneo.io\/fr\/wp-json\/wp\/v2\/pages"}],"about":[{"href":"https:\/\/www.casaneo.io\/fr\/wp-json\/wp\/v2\/types\/page"}],"author":[{"embeddable":true,"href":"https:\/\/www.casaneo.io\/fr\/wp-json\/wp\/v2\/users\/14"}],"replies":[{"embeddable":true,"href":"https:\/\/www.casaneo.io\/fr\/wp-json\/wp\/v2\/comments?post=7219"}],"version-history":[{"count":1,"href":"https:\/\/www.casaneo.io\/fr\/wp-json\/wp\/v2\/pages\/7219\/revisions"}],"predecessor-version":[{"id":13577,"href":"https:\/\/www.casaneo.io\/fr\/wp-json\/wp\/v2\/pages\/7219\/revisions\/13577"}],"wp:attachment":[{"href":"https:\/\/www.casaneo.io\/fr\/wp-json\/wp\/v2\/media?parent=7219"}],"curies":[{"name":"wp","href":"https:\/\/api.w.org\/{rel}","templated":true}]}}